{"id":574,"date":"2019-07-19T18:04:54","date_gmt":"2019-07-19T18:04:54","guid":{"rendered":"https:\/\/cam.cap.ca\/?page_id=574"},"modified":"2019-07-19T18:05:38","modified_gmt":"2019-07-19T18:05:38","slug":"codigo-de-conducta-del-cam","status":"publish","type":"page","link":"https:\/\/cam.cap.ca\/index.php\/home\/codigo-de-conducta-del-cam\/","title":{"rendered":"C\u00f3digo de Conducta del CAM"},"content":{"rendered":"<p>La Asociaci\u00f3n Canadiense de F\u00edsica (CAP, por sus siglas en ingles) est\u00e1 comprometida y es responsable de promover la equidad, la diversidad y la inclusi\u00f3n en la f\u00edsica. La Conferencia CAM 2019 da la bienvenida a los delegados y alienta la participaci\u00f3n de todos, independientemente del g\u00e9nero, identidad o expresi\u00f3n de g\u00e9nero, sexo, orientaci\u00f3n sexual, estado civil, estado familiar, apariencia f\u00edsica, raza, religi\u00f3n, credo, origen nacional, ascendencia, edad, filiaci\u00f3n pol\u00edtica, antecedentes educativos, riqueza o estado de salud. Reconocemos una responsabilidad compartida en crear y mantener un ambiente acogedor para beneficio de todos. La participaci\u00f3n y asistencia a esta conferencia implica la aceptaci\u00f3n de este c\u00f3digo de conducta del que no se permitir\u00e1 desviaci\u00f3n.<\/p>\n<p>No se tolerar\u00e1 ning\u00fan tipo de comportamiento o acci\u00f3n discriminatoria, acosadora o intimidatoria (bullying). El incumplimiento de esta regla resultar\u00e1 en: expulsi\u00f3n de la Conferencia CAM 2019 (sin posibilidad de reclamar reembolso), notificaci\u00f3n a las autoridades correspondientes si es necesario, y la posible prohibici\u00f3n de futura participaci\u00f3n en conferencias y eventos organizados por CAP. Esto incluye, pero no se limita a:<\/p>\n<ol class=\"content-list\">\n<li>acoso sexual, como el uso de im\u00e1genes sexuales en una conversaci\u00f3n, atenci\u00f3n sexual no deseada, contacto f\u00edsico no solicitado, bromas sexuales o sexistas, y persecuci\u00f3n;<\/li>\n<li>intimidaci\u00f3n, como gritar o amenazar verbal o f\u00edsicamente a cualquier asistente, organizador, o de alguna manera involucrado en el CAM;<\/li>\n<li>lenguaje ofensivo o degradante incluyendo chistes inapropiados.<\/li>\n<\/ol>\n<p>Si usted experimenta, o es testigo, de alguna discriminaci\u00f3n en cualquier momento del Evento, por favor, informe inmediatamente a Matt Steffler (stefflem@uoguelph.ca, 226-821-4691) y contacte con la Oficina de Equidad, Diversidad y Derechos Humanos de la Laurentian University a trav\u00e9s del tel\u00e9fono 705-675-1151 (ext. 3427)\u00a0o la direcci\u00f3n de correo electr\u00f3nico edhr@laurentian.ca. Si usted o alg\u00fan otro participante se encuentra en situaci\u00f3n de peligro inmediato, llame al 911. Si se encuentra en el Campus, contacte el Campus Security, marcando 6562 desde cualquier tel\u00e9fono del campus, incluyendo tel\u00e9fonos de pago. Desde un celular debe marcar 705-673-6562. Si est\u00e1 haciendo una llamada internacional, recuerde marcar +1 (c\u00f3digo de Canad\u00e1) antes de cada n\u00famero telef\u00f3nico.<\/p>\n<p><strong>Accesibilidad<\/strong><\/p>\n<p>Alentamos a todos los participantes a que hagan sus presentaciones accesibles a todos los p\u00fablicos. Esto incluye, pero no se limita:<\/p>\n<ul class=\"content-list\">\n<li>Uso de fuentes grandes<\/li>\n<li>Uso de escalas crom\u00e1ticas compatibles con personas dalt\u00f3nicas.<\/li>\n<li>Reconocimiento de una diversidad de antecedentes y niveles de conocimiento.<\/li>\n<li>Uso de micr\u00f3fonos como una cuesti\u00f3n de rutina (o repetir una pregunta sin amplificar en un &#8211; micr\u00f3fono)<\/li>\n<\/ul>\n<p>Agradecimeinto<\/p>\n<p>Este c\u00f3digo de conducta se ha sido elaborado a partir de una adaptaci\u00f3n de la Declaraci\u00f3n de Equidad del Congreso de la CAP, 2019. Tambi\u00e9n se inspir\u00f3 parcialmente en el C\u00f3digo de Conducta del Congreso Women in Physics, Canad\u00e1 2019.<\/p>\n","protected":false},"excerpt":{"rendered":"<p>La Asociaci\u00f3n Canadiense de F\u00edsica (CAP, por sus siglas en ingles) est\u00e1 comprometida y es responsable de promover la equidad, la diversidad y la inclusi\u00f3n en la f\u00edsica. La Conferencia CAM 2019 da la bienvenida a los delegados y alienta la participaci\u00f3n de todos, independientemente del g\u00e9nero, identidad o expresi\u00f3n de g\u00e9nero, sexo, orientaci\u00f3n sexual,&#8230;  <a class=\"excerpt-read-more\" href=\"https:\/\/cam.cap.ca\/index.php\/home\/codigo-de-conducta-del-cam\/\" title=\"Read C\u00f3digo de Conducta del CAM\">Read more &raquo;<\/a><\/p>\n","protected":false},"author":1,"featured_media":0,"parent":122,"menu_order":0,"comment_status":"closed","ping_status":"closed","template":"","meta":{"footnotes":""},"class_list":["post-574","page","type-page","status-publish","hentry"],"_links":{"self":[{"href":"https:\/\/cam.cap.ca\/index.php\/wp-json\/wp\/v2\/pages\/574","targetHints":{"allow":["GET"]}}],"collection":[{"href":"https:\/\/cam.cap.ca\/index.php\/wp-json\/wp\/v2\/pages"}],"about":[{"href":"https:\/\/cam.cap.ca\/index.php\/wp-json\/wp\/v2\/types\/page"}],"author":[{"embeddable":true,"href":"https:\/\/cam.cap.ca\/index.php\/wp-json\/wp\/v2\/users\/1"}],"replies":[{"embeddable":true,"href":"https:\/\/cam.cap.ca\/index.php\/wp-json\/wp\/v2\/comments?post=574"}],"version-history":[{"count":1,"href":"https:\/\/cam.cap.ca\/index.php\/wp-json\/wp\/v2\/pages\/574\/revisions"}],"predecessor-version":[{"id":575,"href":"https:\/\/cam.cap.ca\/index.php\/wp-json\/wp\/v2\/pages\/574\/revisions\/575"}],"up":[{"embeddable":true,"href":"https:\/\/cam.cap.ca\/index.php\/wp-json\/wp\/v2\/pages\/122"}],"wp:attachment":[{"href":"https:\/\/cam.cap.ca\/index.php\/wp-json\/wp\/v2\/media?parent=574"}],"curies":[{"name":"wp","href":"https:\/\/api.w.org\/{rel}","templated":true}]}}