{"id":572,"date":"2019-07-19T18:04:09","date_gmt":"2019-07-19T18:04:09","guid":{"rendered":"https:\/\/cam.cap.ca\/?page_id=572"},"modified":"2019-07-19T18:04:09","modified_gmt":"2019-07-19T18:04:09","slug":"code-de-conduite-de-la-conference-cam","status":"publish","type":"page","link":"https:\/\/cam.cap.ca\/index.php\/home\/code-de-conduite-de-la-conference-cam\/","title":{"rendered":"Code de conduite de la Conf\u00e9rence CAM"},"content":{"rendered":"<p>L&#8217;Association canadienne des physiciens et physiciennes (ACP) s&#8217;est engag\u00e9e \u00e0 promouvoir l&#8217;\u00e9quit\u00e9, la diversit\u00e9 et l&#8217;inclusion en physique et elle assume la responsabilit\u00e9 \u00e0 cet \u00e9gard. La Conf\u00e9rence CAM 2019 accueille tous les d\u00e9l\u00e9gu\u00e9s et favorise la participation de tous, ind\u00e9pendamment du genre, de l&#8217;identit\u00e9\/expression du genre, du sexe, de l&#8217;orientation sexuelle, de l&#8217;\u00e9tat matrimonial, de l&#8217;\u00e9tat familial, de l&#8217;apparence physique, de la race, de la religion, de la croyance, de l&#8217;origine nationale, de l&#8217;ascendance, de l&#8217;\u00e2ge, de l&#8217;affiliation politique, de l&#8217;\u00e9ducation, de la richesse ou de l&#8217;\u00e9tat de sant\u00e9. Nous admettons une responsabilit\u00e9 partag\u00e9e \u00e0 susciter et maintenir un milieu accueillant pour tous. La participation \u00e0 cette conf\u00e9rence suppose l&#8217;acceptation de ce code de conduite et aucune d\u00e9rogation ne sera tol\u00e9r\u00e9e.<\/p>\n<p>Aucun comportement ou action discriminatoire, harcelant ou intimidant, quelle qu\u2019en soit la nature, ne sera tol\u00e9r\u00e9 et entra\u00eenera la radiation de la Conf\u00e9rence CAM 2019 (aucun remboursement ne sera fait), la notification des autorit\u00e9s comp\u00e9tentes au besoin, et l&#8217;interdiction possible des futurs \u00e9v\u00e9nements et conf\u00e9rences organis\u00e9s par l\u2019ACP. Cela comprend, sans que cette liste soit exhaustive\u00a0:<\/p>\n<ol class=\"content-list\">\n<li>a) le harc\u00e8lement sexuel, comme l&#8217;utilisation d&#8217;images sexuelles dans une conversation, l&#8217;attention sexuelle importune, les contacts physiques non sollicit\u00e9s, les blagues sexuelles ou sexistes et la traque furtive;<\/li>\n<li>b) l&#8217;intimidation, comme les cris ou menaces envers toute personne qui assiste ou organise la Conf\u00e9rence CAM ou a quelque chose \u00e0 voir verbalement ou physiquement avec les conf\u00e9renciers \u00e0 cette rencontre;<\/li>\n<li>c) un langage offensant ou d\u00e9gradant, y compris des blagues inappropri\u00e9es.<\/li>\n<\/ol>\n<p>Si vous \u00eates victime ou t\u00e9moin de discrimination \u00e0 quelque moment au cours du congr\u00e8s CAM 2019, veuillez en informer imm\u00e9diatement Matt Steffler (stefflem@uoguelph.ca) et appeler le Bureau de l&#8217;\u00e9quit\u00e9, de la diversit\u00e9 et des droits de la personne de l&#8217;Universit\u00e9 Laurentienne au 705-675-1151 (poste 3427), ou envoyer un courriel \u00e0 <u>edhr@laurentian.ca<\/u>. Si vous-m\u00eame ou quelqu&#8217;un d&#8217;autre est en danger imm\u00e9diat, composez le 911. Si vous \u00eates sur le campus, veuillez communiquer avec le service de s\u00e9curit\u00e9 du campus en composant le 6562 \u00e0 partir de n&#8217;importe quel t\u00e9l\u00e9phone sur place, dont ceux qui sont payants. Si vous utilisez un t\u00e9l\u00e9phone cellulaire, il faut composer le 705-673-6562. Si vous effectuez un appel international, pri\u00e8re de composer le 1 (code d&#8217;appel du Canada) avant chaque num\u00e9ro de t\u00e9l\u00e9phone.<\/p>\n<p><strong>Accessibilit\u00e9<\/strong><\/p>\n<p>Nous encourageons tous les participants \u00e0 rendre leurs expos\u00e9s accessibles \u00e0 tous les publics, ce qui comprend, sans que cette liste soit exhaustive\u00a0:<\/p>\n<ul class=\"content-list\">\n<li>l\u2019emploi d\u2019une police de grande taille<\/li>\n<li>l\u2019utilisation de textes perceptibles aux daltoniens<\/li>\n<li>la reconnaissance de la diversit\u00e9 des ant\u00e9c\u00e9dents et des niveaux de connaissance<\/li>\n<li>l\u2019utilisation d\u2019office de microphones (ou la r\u00e9p\u00e9tition des questions non amplifi\u00e9es dans un microphone).<\/li>\n<\/ul>\n<p>&nbsp;<\/p>\n<p><strong>Remerciements<\/strong><\/p>\n<p>Le pr\u00e9sent code de conduite est adapt\u00e9 de l&#8217;\u00e9nonc\u00e9 d&#8217;\u00e9quit\u00e9 du Congr\u00e8s CAM 2019. Il s&#8217;inspire aussi en partie du code de conduite 2019 de \u00ab\u00a0Les femmes en physique au Canada\u00a0\u00bb.<\/p>\n<p>&nbsp;<\/p>\n","protected":false},"excerpt":{"rendered":"<p>L&#8217;Association canadienne des physiciens et physiciennes (ACP) s&#8217;est engag\u00e9e \u00e0 promouvoir l&#8217;\u00e9quit\u00e9, la diversit\u00e9 et l&#8217;inclusion en physique et elle assume la responsabilit\u00e9 \u00e0 cet \u00e9gard. La Conf\u00e9rence CAM 2019 accueille tous les d\u00e9l\u00e9gu\u00e9s et favorise la participation de tous, ind\u00e9pendamment du genre, de l&#8217;identit\u00e9\/expression du genre, du sexe, de l&#8217;orientation sexuelle, de l&#8217;\u00e9tat matrimonial,&#8230;  <a class=\"excerpt-read-more\" href=\"https:\/\/cam.cap.ca\/index.php\/home\/code-de-conduite-de-la-conference-cam\/\" title=\"Read Code de conduite de la Conf\u00e9rence CAM\">Read more &raquo;<\/a><\/p>\n","protected":false},"author":1,"featured_media":0,"parent":122,"menu_order":0,"comment_status":"closed","ping_status":"closed","template":"","meta":{"footnotes":""},"class_list":["post-572","page","type-page","status-publish","hentry"],"_links":{"self":[{"href":"https:\/\/cam.cap.ca\/index.php\/wp-json\/wp\/v2\/pages\/572","targetHints":{"allow":["GET"]}}],"collection":[{"href":"https:\/\/cam.cap.ca\/index.php\/wp-json\/wp\/v2\/pages"}],"about":[{"href":"https:\/\/cam.cap.ca\/index.php\/wp-json\/wp\/v2\/types\/page"}],"author":[{"embeddable":true,"href":"https:\/\/cam.cap.ca\/index.php\/wp-json\/wp\/v2\/users\/1"}],"replies":[{"embeddable":true,"href":"https:\/\/cam.cap.ca\/index.php\/wp-json\/wp\/v2\/comments?post=572"}],"version-history":[{"count":1,"href":"https:\/\/cam.cap.ca\/index.php\/wp-json\/wp\/v2\/pages\/572\/revisions"}],"predecessor-version":[{"id":573,"href":"https:\/\/cam.cap.ca\/index.php\/wp-json\/wp\/v2\/pages\/572\/revisions\/573"}],"up":[{"embeddable":true,"href":"https:\/\/cam.cap.ca\/index.php\/wp-json\/wp\/v2\/pages\/122"}],"wp:attachment":[{"href":"https:\/\/cam.cap.ca\/index.php\/wp-json\/wp\/v2\/media?parent=572"}],"curies":[{"name":"wp","href":"https:\/\/api.w.org\/{rel}","templated":true}]}}