{"id":2,"date":"2018-07-23T17:23:41","date_gmt":"2018-07-23T17:23:41","guid":{"rendered":"https:\/\/cam.cap.ca\/?page_id=2"},"modified":"2019-06-19T14:26:50","modified_gmt":"2019-06-19T14:26:50","slug":"people","status":"publish","type":"page","link":"https:\/\/cam.cap.ca\/index.php\/people\/","title":{"rendered":"People"},"content":{"rendered":"<table>\n<tbody>\n<tr>\n<td colspan=\"2\">\n<h2><strong>Local Organizing Committee<\/strong><\/h2>\n<\/td>\n<\/tr>\n<tr>\n<td><strong>Michel Lapointe<\/strong><br \/>\nGraduate Student, Co-Chair<br \/>\nLaurentian University<br \/>\ncam(dot)loc(at)gmail(dot)com<\/td>\n<td><strong>Alexandre Le Blanc<\/strong><br \/>\nGraduate Student, Co-Chair<br \/>\nLaurentian University<br \/>\ncam(dot)loc(at)gmail(dot)com<\/td>\n<\/tr>\n<tr>\n<td><strong>Gennady Chitov<\/strong><br \/>\nFaculty Supervisor<br \/>\nLaurentian University<br \/>\ngchitov(at)laurentian(dot)ca<\/td>\n<td><strong>Christine Kraus<\/strong><br \/>\nFaculty Advisor<br \/>\nLaurentian University<br \/>\nchristine(dot)kraus(at)snolab(dot)ca<\/td>\n<\/tr>\n<tr>\n<td><strong>Samantha Kuula<\/strong><br \/>\nFaculty Advisor<br \/>\nSNOLAB<br \/>\nsamantha(dot)kuula(at)snolab(dot)ca<\/td>\n<td><strong>Blaire Flynn<\/strong><br \/>\nWebsite Coordinator<br \/>\nSNOLAB<br \/>\nblaire(dot)flynn(at)snolab(dot)ca<\/td>\n<\/tr>\n<tr>\n<td><strong>Matt Steffler<\/strong><br \/>\nCAP Advisory Council Representative for Graduate Student Affairs<br \/>\nUniversity of Guelph<br \/>\nstefflem(at)uoguelph(dot)ca<\/td>\n<td><\/td>\n<\/tr>\n<tr>\n<td colspan=\"2\">\n<table>\n<tbody>\n<tr>\n<td colspan=\"2\">\n<h2><strong>Program Committee<\/strong><\/h2>\n<\/td>\n<\/tr>\n<tr>\n<td><strong>Janet Rumleskie<\/strong><br \/>\nGraduate Student<br \/>\nLaurentian University<\/td>\n<td><strong>Kate Fernwick\u00a0<\/strong><br \/>\nGraduate Student<br \/>\nQueen&#8217;s University<\/td>\n<\/tr>\n<tr>\n<td><strong>Matthew Robbins<\/strong><br \/>\nGraduate Student<br \/>\nUniversity of Waterloo<\/td>\n<td><strong>Gennady Chitov<\/strong><br \/>\nFaculty Supervisor<br \/>\nLaurentian University<\/td>\n<\/tr>\n<tr>\n<td><strong>Christine Kraus<\/strong><br \/>\nFaculty Advisor<br \/>\nLaurentian University<\/td>\n<td><strong>Matt Steffler\u00a0<\/strong><br \/>\nGraduate Student Affairs<br \/>\nUniversity of Guelph<\/td>\n<\/tr>\n<tr>\n<td><\/td>\n<td><\/td>\n<\/tr>\n<\/tbody>\n<\/table>\n<h2><\/h2>\n<h2><strong>International Committee<\/strong><\/h2>\n<\/td>\n<\/tr>\n<tr>\n<td><strong>Mar\u00eda S\u00e1nchez-Colina (Cuba)<\/strong><br \/>\nPresident, Cuban Physical Society and Faculty Representative<br \/>\nUniversity of Havana<br \/>\nmaruchy(at)fisica(dot)uh(dot)cu<\/td>\n<td><strong>Lidice Cruz (Cuba)<\/strong><br \/>\nGraduate Student Representative<br \/>\nUniversity of Havana<br \/>\nlcruz(at)fisica(dot)uh(dot)cu<\/td>\n<\/tr>\n<tr>\n<td><strong>Argelia Bernal (Mexico)<\/strong><br \/>\nFaculty Representative<br \/>\nNational Autonomous University of Mexico<br \/>\nbernal(dot)a(at)ugto(dot)mx<\/td>\n<td><strong>Dar\u00edo N\u00fa\u00f1ez Z\u00fa\u00f1iga (Mexico)<br \/>\n<\/strong>Faculty Advisor<br \/>\nNational Autonomous University of Mexico<br \/>\nnunez(at)nucleares(dot)unam(dot)mx<\/td>\n<\/tr>\n<tr>\n<td><strong>Joyprokash Chakrabartty (USA)<\/strong><br \/>\nGraduate Student Representative<br \/>\nNational Institute of Scientific Research &#8211; University of Quebec<br \/>\nchakrabartty(at)emt(dot)inrs(dot)ca<\/td>\n<td><strong>Joshua Einstein-Curtis (USA)<\/strong><br \/>\nGraduate Student Representative<br \/>\nFermilab<br \/>\njeinstei(at)gmail(dot)com<\/td>\n<\/tr>\n<tr>\n<td><strong>Amy Flatten (USA)<\/strong><br \/>\nAmerican Physical Society Advisor<br \/>\nflatten(at)aps(dot)org<\/td>\n<td><strong>Michele Irwin (USA)<\/strong><br \/>\nAmerican Physical Society Advisor<br \/>\nirwin(at)aps(dot)org<\/td>\n<\/tr>\n<tr>\n<td><strong>Ana Vizcaya (USA)<\/strong><br \/>\nGraduate Student Representative<br \/>\nCarnegie Mellon University<br \/>\navizcaya(at)andrew(dot)cmu(dot)edu<\/td>\n<td><strong>Matt Steffler (Canada)<\/strong><br \/>\nCAP Advisory Council Representative for Graduate Student Affairs<br \/>\nUniversity of Guelph<br \/>\nstefflem(at)uoguelph(dot)ca<\/td>\n<\/tr>\n<tr>\n<td colspan=\"2\">\n<h2><strong>Canadian Advisory Committee<\/strong><\/h2>\n<\/td>\n<\/tr>\n<tr>\n<td><strong>Gordon Drake<\/strong><br \/>\nUniversity of Windsor<br \/>\ngdrake(at)uwindsor(dot)ca<\/td>\n<td><strong>Francine Ford<\/strong><br \/>\nCanadian Association of Physicists<br \/>\nexecdir(at)cap(dot(ca)<\/td>\n<\/tr>\n<tr>\n<td><strong>Rituparna Kanungo<\/strong><br \/>\nSt. Mary&#8217;s University \/\u00a0TRIUMF<br \/>\nritu(at)triumf(dot)ca<\/td>\n<td><strong>Ben Newling<\/strong><br \/>\nUniversity of New Brunswick<br \/>\nbnewling(at)unb(dot)ca<\/td>\n<\/tr>\n<tr>\n<td><strong>Robert Ian Thompson<\/strong><br \/>\nUniversity of Calgary<br \/>\nrthompso(at)ucalgary(dot)ca<\/td>\n<td><strong>Matt Steffler<\/strong><br \/>\nCAP Advisory Council Representative for Graduate Students<br \/>\nUniversity of Guelph<br \/>\nstefflem(at)uoguelph(dot)ca<\/td>\n<\/tr>\n<\/tbody>\n<\/table>\n","protected":false},"excerpt":{"rendered":"<p>Local Organizing Committee Michel Lapointe Graduate Student, Co-Chair Laurentian University cam(dot)loc(at)gmail(dot)com Alexandre Le Blanc Graduate Student, Co-Chair Laurentian University cam(dot)loc(at)gmail(dot)com Gennady Chitov Faculty Supervisor Laurentian University gchitov(at)laurentian(dot)ca Christine Kraus Faculty Advisor Laurentian University christine(dot)kraus(at)snolab(dot)ca Samantha Kuula Faculty Advisor SNOLAB samantha(dot)kuula(at)snolab(dot)ca Blaire Flynn Website Coordinator SNOLAB blaire(dot)flynn(at)snolab(dot)ca Matt Steffler CAP Advisory Council Representative for Graduate Student&#8230;  <a class=\"excerpt-read-more\" href=\"https:\/\/cam.cap.ca\/index.php\/people\/\" title=\"Read People\">Read more &raquo;<\/a><\/p>\n","protected":false},"author":1,"featured_media":0,"parent":0,"menu_order":0,"comment_status":"closed","ping_status":"open","template":"","meta":{"footnotes":""},"class_list":["post-2","page","type-page","status-publish","hentry"],"_links":{"self":[{"href":"https:\/\/cam.cap.ca\/index.php\/wp-json\/wp\/v2\/pages\/2","targetHints":{"allow":["GET"]}}],"collection":[{"href":"https:\/\/cam.cap.ca\/index.php\/wp-json\/wp\/v2\/pages"}],"about":[{"href":"https:\/\/cam.cap.ca\/index.php\/wp-json\/wp\/v2\/types\/page"}],"author":[{"embeddable":true,"href":"https:\/\/cam.cap.ca\/index.php\/wp-json\/wp\/v2\/users\/1"}],"replies":[{"embeddable":true,"href":"https:\/\/cam.cap.ca\/index.php\/wp-json\/wp\/v2\/comments?post=2"}],"version-history":[{"count":8,"href":"https:\/\/cam.cap.ca\/index.php\/wp-json\/wp\/v2\/pages\/2\/revisions"}],"predecessor-version":[{"id":268,"href":"https:\/\/cam.cap.ca\/index.php\/wp-json\/wp\/v2\/pages\/2\/revisions\/268"}],"wp:attachment":[{"href":"https:\/\/cam.cap.ca\/index.php\/wp-json\/wp\/v2\/media?parent=2"}],"curies":[{"name":"wp","href":"https:\/\/api.w.org\/{rel}","templated":true}]}}